{"id":100,"date":"2017-09-27T09:31:21","date_gmt":"2017-09-27T09:31:21","guid":{"rendered":"http:\/\/www.hoecke-delicasa.de\/?page_id=100"},"modified":"2018-09-18T09:13:54","modified_gmt":"2018-09-18T09:13:54","slug":"impressum","status":"publish","type":"page","link":"https:\/\/www.hoecke-delicasa.de\/index.php\/kontakt\/impressum\/","title":{"rendered":"Impressum"},"content":{"rendered":"<div id=\"pl-100\" class=\"panel-layout\">\n<div id=\"pg-100-0\" class=\"panel-grid panel-no-style\">\n<div id=\"pgc-100-0-0\" class=\"panel-grid-cell\" data-weight=\"1\">\n<div id=\"panel-100-0-0-0\" class=\"so-panel widget widget_sow-editor panel-first-child panel-last-child\" data-index=\"0\">\n<div class=\"so-widget-sow-editor so-widget-sow-editor-base\">\n<div class=\"siteorigin-widget-tinymce textwidget\">\n<h3>VERANTWORTLICH F\u00dcR DIESEN INTERNETAUFTRITT:<\/h3>\n<h3>DeliCasa<\/h3>\n<p>Albert J. H\u00f6cke<br \/>\nLimburger Str. 1<br \/>\n61476 Kronberg-Oberh\u00f6chstadt<br \/>\nTel.: 0 61 73 \/ 60 11 00 4<\/p>\n<p>E-Mail: <a href=\"mailto:info@hoecke-delicasa.de\">info(at)hoecke-delicasa.de<\/a><\/p>\n<h3>COPYRIGHT<\/h3>\n<p>S\u00e4mtliche Texte, Fotos und Inhalte auf den einzelnen Seiten sowie die Gestaltung und Programmierung der jeweiligen Inhalte sind urheberrechtlich gesch\u00fctzt. Copyright \u00a9 2011 &#8211; 2012, DeliCasa Albert J. H\u00f6cke, Fotos: Albert J. H\u00f6cke<br \/>\nAlle Rechte vorbehalten.<\/p>\n<h3>HAFTUNGSAUSSCHLUSS<\/h3>\n<p>Der verantwortliche f\u00fcr diese Internetseiten \u00fcbernimmt keine Haftung f\u00fcr die Lauff\u00e4higkeit von Anwendungen. Alle Angebote sind freibleibend und\u00a0unverbindlich.\u00a0Wir behalten uns ausdr\u00fccklich vor, Teile der Seiten oder das gesamte\u00a0Angebot ohne Ank\u00fcndigung zu ver\u00e4ndern,\u00a0zu\u00a0erg\u00e4nzen, zu l\u00f6schen oder die Ver\u00f6ffentlichung zeitweise oder endg\u00fcltig\u00a0einzustellen. Auf unseren Seiten befinden sich Verweise\u00a0(&#8220;Links&#8221;) zu anderen Websites. Da wir in der Regel keinerlei\u00a0Einfluss auf Inhalt und Gestaltung der gelinkten\u00a0Seiten haben,\u00a0distanzieren wir uns vorsorglich von deren Inhalt. Dies gilt f\u00fcr alle\u00a0auf unserer Website enthaltenen Links und f\u00fcr alle Inhalte, zu denen\u00a0Links oder Banner\u00a0f\u00fchren.<\/p>\n<\/div>\n<\/div>\n<\/div>\n<\/div>\n<\/div>\n<div id=\"pg-100-1\" class=\"panel-grid panel-no-style\" data-style=\"{&quot;background_display&quot;:&quot;tile&quot;,&quot;lsow_dark_bg&quot;:&quot;&quot;,&quot;cell_alignment&quot;:&quot;flex-start&quot;}\"><\/div>\n<\/div>\n","protected":false},"excerpt":{"rendered":"<p>VERANTWORTLICH F\u00dcR DIESEN INTERNETAUFTRITT: DeliCasa Albert J. H\u00f6cke Limburger Str. 1 61476 Kronberg-Oberh\u00f6chstadt Tel.: 0 61 73 \/ 60 11 [&hellip;]<\/p>\n","protected":false},"author":1,"featured_media":0,"parent":88,"menu_order":0,"comment_status":"closed","ping_status":"closed","template":"","meta":{"footnotes":""},"_links":{"self":[{"href":"https:\/\/www.hoecke-delicasa.de\/index.php\/wp-json\/wp\/v2\/pages\/100"}],"collection":[{"href":"https:\/\/www.hoecke-delicasa.de\/index.php\/wp-json\/wp\/v2\/pages"}],"about":[{"href":"https:\/\/www.hoecke-delicasa.de\/index.php\/wp-json\/wp\/v2\/types\/page"}],"author":[{"embeddable":true,"href":"https:\/\/www.hoecke-delicasa.de\/index.php\/wp-json\/wp\/v2\/users\/1"}],"replies":[{"embeddable":true,"href":"https:\/\/www.hoecke-delicasa.de\/index.php\/wp-json\/wp\/v2\/comments?post=100"}],"version-history":[{"count":6,"href":"https:\/\/www.hoecke-delicasa.de\/index.php\/wp-json\/wp\/v2\/pages\/100\/revisions"}],"predecessor-version":[{"id":213,"href":"https:\/\/www.hoecke-delicasa.de\/index.php\/wp-json\/wp\/v2\/pages\/100\/revisions\/213"}],"up":[{"embeddable":true,"href":"https:\/\/www.hoecke-delicasa.de\/index.php\/wp-json\/wp\/v2\/pages\/88"}],"wp:attachment":[{"href":"https:\/\/www.hoecke-delicasa.de\/index.php\/wp-json\/wp\/v2\/media?parent=100"}],"curies":[{"name":"wp","href":"https:\/\/api.w.org\/{rel}","templated":true}]}}