{"id":88,"date":"2017-09-27T09:21:53","date_gmt":"2017-09-27T09:21:53","guid":{"rendered":"http:\/\/www.hoecke-delicasa.de\/?page_id=88"},"modified":"2020-06-05T18:34:12","modified_gmt":"2020-06-05T18:34:12","slug":"kontakt","status":"publish","type":"page","link":"https:\/\/www.hoecke-delicasa.de\/index.php\/kontakt\/","title":{"rendered":"Kontakt"},"content":{"rendered":"<h3>Google Maps<\/h3>\n<p><a href=\"https:\/\/goo.gl\/maps\/3Hk4GLDPMWFXrye37\" target=\"_blank\" rel=\"noopener noreferrer\">Limburger Str. 1, 61476 Kronberg im Taunus<\/a><\/p>\n<p><iframe loading=\"lazy\" style=\"border: 0;\" tabindex=\"0\" src=\"https:\/\/www.google.com\/maps\/embed?pb=!1m18!1m12!1m3!1d2554.7891996083426!2d8.53796451572173!3d50.18377757943937!2m3!1f0!2f0!3f0!3m2!1i1024!2i768!4f13.1!3m3!1m2!1s0x47bda7c93198207f%3A0xfa3ace4b7965abf!2sLimburger%20Str.%201%2C%2061476%20Kronberg%20im%20Taunus!5e0!3m2!1sde!2sde!4v1591380933553!5m2!1sde!2sde\" width=\"600\" height=\"450\" frameborder=\"0\" allowfullscreen=\"allowfullscreen\" aria-hidden=\"false\"><\/iframe><\/p>\n<p><img decoding=\"async\" loading=\"lazy\" class=\"alignnone size-medium wp-image-31\" src=\"http:\/\/www.hoecke-delicasa.de\/wp-content\/uploads\/2017\/09\/DSC_0103-300x199.jpg\" alt=\"\" width=\"300\" height=\"199\" srcset=\"https:\/\/www.hoecke-delicasa.de\/wp-content\/uploads\/2017\/09\/DSC_0103-300x199.jpg 300w, https:\/\/www.hoecke-delicasa.de\/wp-content\/uploads\/2017\/09\/DSC_0103-768x511.jpg 768w, https:\/\/www.hoecke-delicasa.de\/wp-content\/uploads\/2017\/09\/DSC_0103-1024x681.jpg 1024w, https:\/\/www.hoecke-delicasa.de\/wp-content\/uploads\/2017\/09\/DSC_0103-600x400.jpg 600w\" sizes=\"(max-width: 300px) 100vw, 300px\" \/><\/p>\n<p>Albert J. H\u00f6cke<\/p>\n<p>Limburger Stra\u00dfe 1<\/p>\n<p>61476 Kronberg-Oberh\u00f6chstadt<\/p>\n<p>Telefon: 0 61 73 \/ 60 11 00 4<\/p>\n<p>Mobil: 0 160 \/ 56 28 32 8<\/p>\n<p>Email:\u00a0<a href=\"mailto:info@hoecke-delicasa.de\">info(at)hoecke-delicasa.de<\/a><\/p>\n<h3>Oder nutzen Sie unser Kontaktformular<\/h3>\n\n<div class=\"wpcf7 no-js\" id=\"wpcf7-f17-o1\" lang=\"de-DE\" dir=\"ltr\">\n<div class=\"screen-reader-response\"><p role=\"status\" aria-live=\"polite\" aria-atomic=\"true\"><\/p> <ul><\/ul><\/div>\n<form action=\"\/index.php\/wp-json\/wp\/v2\/pages\/88#wpcf7-f17-o1\" method=\"post\" class=\"wpcf7-form init\" aria-label=\"Kontaktformular\" novalidate=\"novalidate\" data-status=\"init\">\n<div style=\"display: none;\">\n<input type=\"hidden\" name=\"_wpcf7\" value=\"17\" \/>\n<input type=\"hidden\" name=\"_wpcf7_version\" value=\"5.8.1\" \/>\n<input type=\"hidden\" name=\"_wpcf7_locale\" value=\"de_DE\" \/>\n<input type=\"hidden\" name=\"_wpcf7_unit_tag\" value=\"wpcf7-f17-o1\" \/>\n<input type=\"hidden\" name=\"_wpcf7_container_post\" value=\"0\" \/>\n<input type=\"hidden\" name=\"_wpcf7_posted_data_hash\" value=\"\" \/>\n<\/div>\n<p><label> Ihr Name (Pflichtfeld)<br \/>\n<span class=\"wpcf7-form-control-wrap\" data-name=\"your-name\"><input size=\"40\" class=\"wpcf7-form-control wpcf7-text wpcf7-validates-as-required\" aria-required=\"true\" aria-invalid=\"false\" value=\"\" type=\"text\" name=\"your-name\" \/><\/span> <\/label>\n<\/p>\n<p><label> Ihre E-Mail-Adresse * (Pflichtfeld)<br \/>\n<span class=\"wpcf7-form-control-wrap\" data-name=\"your-email\"><input size=\"40\" class=\"wpcf7-form-control wpcf7-email wpcf7-validates-as-required wpcf7-text wpcf7-validates-as-email\" aria-required=\"true\" aria-invalid=\"false\" value=\"\" type=\"email\" name=\"your-email\" \/><\/span> <\/label>\n<\/p>\n<p><label> Betreff<br \/>\n<span class=\"wpcf7-form-control-wrap\" data-name=\"your-subject\"><input size=\"40\" class=\"wpcf7-form-control wpcf7-text\" aria-invalid=\"false\" value=\"\" type=\"text\" name=\"your-subject\" \/><\/span> <\/label>\n<\/p>\n<p><label> Ihre Nachricht<br \/>\n<span class=\"wpcf7-form-control-wrap\" data-name=\"your-message\"><textarea cols=\"40\" rows=\"10\" class=\"wpcf7-form-control wpcf7-textarea\" aria-invalid=\"false\" name=\"your-message\"><\/textarea><\/span> <\/label>\n<\/p>\n<p><span class=\"wpcf7-form-control-wrap\" data-name=\"acceptance-369\"><span class=\"wpcf7-form-control wpcf7-acceptance\"><span class=\"wpcf7-list-item\"><label><input type=\"checkbox\" name=\"acceptance-369\" value=\"1\" aria-invalid=\"false\" \/><span class=\"wpcf7-list-item-label\">* Ja, ich bin damit einverstanden dass DeliCasa meine Daten f\u00fcr ein Kontaktaufnahme elektronisch verarbeitet. Die Daten werden nicht an Dritte weitergegeben ( <a href=\"https:\/\/www.hoecke-delicasa.de\/index.php\/datenschutzerklaerung\/\">zur Datenschutzerkl\u00e4rung<\/a>) Die Einwilligung kann jederzeit widerrufen werden.<\/span><\/label><\/span><\/span><\/span>\n<\/p>\n<p><input class=\"wpcf7-form-control wpcf7-submit has-spinner\" type=\"submit\" value=\"Senden\" \/>\n<\/p><div class=\"wpcf7-response-output\" aria-hidden=\"true\"><\/div>\n<\/form>\n<\/div>\n\n","protected":false},"excerpt":{"rendered":"<p>Google Maps Limburger Str. 1, 61476 Kronberg im Taunus Albert J. H\u00f6cke Limburger Stra\u00dfe 1 61476 Kronberg-Oberh\u00f6chstadt Telefon: 0 61 [&hellip;]<\/p>\n","protected":false},"author":1,"featured_media":0,"parent":0,"menu_order":0,"comment_status":"closed","ping_status":"closed","template":"page-templates\/full-width.php","meta":{"footnotes":""},"_links":{"self":[{"href":"https:\/\/www.hoecke-delicasa.de\/index.php\/wp-json\/wp\/v2\/pages\/88"}],"collection":[{"href":"https:\/\/www.hoecke-delicasa.de\/index.php\/wp-json\/wp\/v2\/pages"}],"about":[{"href":"https:\/\/www.hoecke-delicasa.de\/index.php\/wp-json\/wp\/v2\/types\/page"}],"author":[{"embeddable":true,"href":"https:\/\/www.hoecke-delicasa.de\/index.php\/wp-json\/wp\/v2\/users\/1"}],"replies":[{"embeddable":true,"href":"https:\/\/www.hoecke-delicasa.de\/index.php\/wp-json\/wp\/v2\/comments?post=88"}],"version-history":[{"count":13,"href":"https:\/\/www.hoecke-delicasa.de\/index.php\/wp-json\/wp\/v2\/pages\/88\/revisions"}],"predecessor-version":[{"id":223,"href":"https:\/\/www.hoecke-delicasa.de\/index.php\/wp-json\/wp\/v2\/pages\/88\/revisions\/223"}],"wp:attachment":[{"href":"https:\/\/www.hoecke-delicasa.de\/index.php\/wp-json\/wp\/v2\/media?parent=88"}],"curies":[{"name":"wp","href":"https:\/\/api.w.org\/{rel}","templated":true}]}}