{"id":92,"date":"2017-09-27T09:25:56","date_gmt":"2017-09-27T09:25:56","guid":{"rendered":"http:\/\/www.hoecke-delicasa.de\/?page_id=92"},"modified":"2017-09-27T14:41:23","modified_gmt":"2017-09-27T14:41:23","slug":"catering","status":"publish","type":"page","link":"https:\/\/www.hoecke-delicasa.de\/index.php\/catering\/","title":{"rendered":"Catering"},"content":{"rendered":"<div id=\"metaslider-id-42\" style=\"width: 100%; margin: 0 auto;\" class=\"ml-slider-3-40-0 metaslider metaslider-flex metaslider-42 ml-slider ms-theme-default nav-hidden\" role=\"region\" aria-roledescription=\"Slideshow\" aria-label=\"Catering\">\n    <div id=\"metaslider_container_42\">\n        <div id=\"metaslider_42\">\n            <ul aria-live=\"polite\" class=\"slides\">\n                <li style=\"display: block; width: 100%;\" class=\"slide-120 ms-image\" aria-roledescription=\"slide\" aria-label=\"slide-120\"><img src=\"https:\/\/www.hoecke-delicasa.de\/wp-content\/uploads\/2017\/09\/DSC_0040-e1506508259519-600x400.jpg\" height=\"400\" width=\"600\" alt=\"\" class=\"slider-42 slide-120\" \/><div class=\"caption-wrap\"><div class=\"caption\">Unsere leckeren Antipastaplatten<\/div><\/div><\/li>\n                <li style=\"display: none; width: 100%;\" class=\"slide-62 ms-image\" aria-roledescription=\"slide\" aria-label=\"slide-62\"><img src=\"https:\/\/www.hoecke-delicasa.de\/wp-content\/uploads\/2017\/09\/DSC_0016-600x400.jpg\" height=\"400\" width=\"600\" alt=\"\" class=\"slider-42 slide-62\" \/><div class=\"caption-wrap\"><div class=\"caption\">Baguette und Chabatta<\/div><\/div><\/li>\n                <li style=\"display: none; width: 100%;\" class=\"slide-75 ms-image\" aria-roledescription=\"slide\" aria-label=\"slide-75\"><img src=\"https:\/\/www.hoecke-delicasa.de\/wp-content\/uploads\/2017\/09\/Kunst-DeliCasa-063-600x400.jpg\" height=\"400\" width=\"600\" alt=\"\" class=\"slider-42 slide-75\" \/><div class=\"caption-wrap\"><div class=\"caption\">K\u00e4seplatte<\/div><\/div><\/li>\n                <li style=\"display: none; width: 100%;\" class=\"slide-68 ms-image\" aria-roledescription=\"slide\" aria-label=\"slide-68\"><img src=\"https:\/\/www.hoecke-delicasa.de\/wp-content\/uploads\/2017\/09\/DSC_0052-600x400.jpg\" height=\"400\" width=\"600\" alt=\"\" class=\"slider-42 slide-68\" \/><div class=\"caption-wrap\"><div class=\"caption\">Gourmet Geschenke<\/div><\/div><\/li>\n                <li style=\"display: none; width: 100%;\" class=\"slide-64 ms-image\" aria-roledescription=\"slide\" aria-label=\"slide-64\"><img src=\"https:\/\/www.hoecke-delicasa.de\/wp-content\/uploads\/2017\/09\/DSC_0042-600x400.jpg\" height=\"400\" width=\"600\" alt=\"\" class=\"slider-42 slide-64\" \/><div class=\"caption-wrap\"><div class=\"caption\">Eingelegte Krabben<\/div><\/div><\/li>\n                <li style=\"display: none; width: 100%;\" class=\"slide-65 ms-image\" aria-roledescription=\"slide\" aria-label=\"slide-65\"><img src=\"https:\/\/www.hoecke-delicasa.de\/wp-content\/uploads\/2017\/09\/DSC_0045-600x400.jpg\" height=\"400\" width=\"600\" alt=\"\" class=\"slider-42 slide-65\" \/><\/li>\n                <li style=\"display: none; width: 100%;\" class=\"slide-69 ms-image\" aria-roledescription=\"slide\" aria-label=\"slide-69\"><img src=\"https:\/\/www.hoecke-delicasa.de\/wp-content\/uploads\/2017\/09\/DSC_0125-600x400.jpg\" height=\"400\" width=\"600\" alt=\"\" class=\"slider-42 slide-69\" \/><div class=\"caption-wrap\"><div class=\"caption\">Geschenke f\u00fcr alle Gelegenheiten<\/div><\/div><\/li>\n                <li style=\"display: none; width: 100%;\" class=\"slide-67 ms-image\" aria-roledescription=\"slide\" aria-label=\"slide-67\"><img src=\"https:\/\/www.hoecke-delicasa.de\/wp-content\/uploads\/2017\/09\/DSC_0048-600x400.jpg\" height=\"400\" width=\"600\" alt=\"\" class=\"slider-42 slide-67\" \/><\/li>\n                <li style=\"display: none; width: 100%;\" class=\"slide-71 ms-image\" aria-roledescription=\"slide\" aria-label=\"slide-71\"><img src=\"https:\/\/www.hoecke-delicasa.de\/wp-content\/uploads\/2017\/09\/K\u00f6rbe-1-600x400.jpg\" height=\"400\" width=\"600\" alt=\"\" class=\"slider-42 slide-71\" \/><div class=\"caption-wrap\"><div class=\"caption\">Pr\u00e4sentkorb<\/div><\/div><\/li>\n                <li style=\"display: none; width: 100%;\" class=\"slide-70 ms-image\" aria-roledescription=\"slide\" aria-label=\"slide-70\"><img src=\"https:\/\/www.hoecke-delicasa.de\/wp-content\/uploads\/2017\/09\/DSC_0162-600x400.jpg\" height=\"400\" width=\"600\" alt=\"\" class=\"slider-42 slide-70\" \/><div class=\"caption-wrap\"><div class=\"caption\">Quiche und Soufles<\/div><\/div><\/li>\n                <li style=\"display: none; width: 100%;\" class=\"slide-66 ms-image\" aria-roledescription=\"slide\" aria-label=\"slide-66\"><img src=\"https:\/\/www.hoecke-delicasa.de\/wp-content\/uploads\/2017\/09\/DSC_0047-600x400.jpg\" height=\"400\" width=\"600\" alt=\"\" class=\"slider-42 slide-66\" \/><\/li>\n                <li style=\"display: none; width: 100%;\" class=\"slide-76 ms-image\" aria-roledescription=\"slide\" aria-label=\"slide-76\"><img src=\"https:\/\/www.hoecke-delicasa.de\/wp-content\/uploads\/2017\/09\/Kunst-DeliCasa-066-600x400.jpg\" height=\"400\" width=\"600\" alt=\"\" class=\"slider-42 slide-76\" \/><\/li>\n                <li style=\"display: none; width: 100%;\" class=\"slide-74 ms-image\" aria-roledescription=\"slide\" aria-label=\"slide-74\"><img src=\"https:\/\/www.hoecke-delicasa.de\/wp-content\/uploads\/2017\/09\/Kunst-DeliCasa-059-600x400.jpg\" height=\"400\" width=\"600\" alt=\"\" class=\"slider-42 slide-74\" \/><div class=\"caption-wrap\"><div class=\"caption\">Wir liefern auch zu Ihnen nach Hause<\/div><\/div><\/li>\n                <li style=\"display: none; width: 100%;\" class=\"slide-63 ms-image\" aria-roledescription=\"slide\" aria-label=\"slide-63\"><img src=\"https:\/\/www.hoecke-delicasa.de\/wp-content\/uploads\/2017\/09\/DSC_0038-600x400.jpg\" height=\"400\" width=\"600\" alt=\"\" class=\"slider-42 slide-63\" \/><\/li>\n            <\/ul>\n        <\/div>\n        \n    <\/div>\n<\/div>\n<p>&nbsp;<\/p>\n<p>Nutzen Sie auch unseren\u00a0Catering-Service.\u00a0Ob Antipasta-Platte, Fingerfood, belegte Brote, Canap\u00e9e-Variationen oder ein kalt\/warmes Buffet \u2013 Wir richten uns gerne nach Ihren W\u00fcnschen.<\/p>\n<h3>Firmenpr\u00e4sente \u2013 individuell dekoriert<\/h3>\n<p>Suchen Sie f\u00fcr Ihre Gesch\u00e4ftspartner oder Kunden eine Aufmerksamkeit zu einem besonderen Anlass oder zu einem Jubil\u00e4um? \u2013 Dann nutzen Sie unseren Geschenkkorb-Service.<\/p>\n<p>Mit einem originellen \u201eFresskorb\u201c aus unserem Sortiment, individuell f\u00fcr Sie zusammengestellt: Schenken Sie Augen- und Gaumenschmaus zugleich.<\/p>\n<p>Jeder Korb ist ein Einzelst\u00fcck f\u00fcr Liebhaber des mediterranen Genusses.<\/p>\n<h3>Ein Geschenkgutschein vom DeliCasa \u2013 Immer eine gute Idee<\/h3>\n<p>Verschenken Sie doch einfach ein St\u00fcck Genuss. Ihre Familie, Freunde und Bekannte k\u00f6nnen sich dann aus unserem kulinarischem Programm ihre Spezialit\u00e4ten aussuchen.<\/p>\n<p>&nbsp;<\/p>\n","protected":false},"excerpt":{"rendered":"<p>&nbsp; Nutzen Sie auch unseren\u00a0Catering-Service.\u00a0Ob Antipasta-Platte, Fingerfood, belegte Brote, Canap\u00e9e-Variationen oder ein kalt\/warmes Buffet \u2013 Wir richten uns gerne nach [&hellip;]<\/p>\n","protected":false},"author":1,"featured_media":0,"parent":0,"menu_order":0,"comment_status":"closed","ping_status":"closed","template":"","meta":{"footnotes":""},"_links":{"self":[{"href":"https:\/\/www.hoecke-delicasa.de\/index.php\/wp-json\/wp\/v2\/pages\/92"}],"collection":[{"href":"https:\/\/www.hoecke-delicasa.de\/index.php\/wp-json\/wp\/v2\/pages"}],"about":[{"href":"https:\/\/www.hoecke-delicasa.de\/index.php\/wp-json\/wp\/v2\/types\/page"}],"author":[{"embeddable":true,"href":"https:\/\/www.hoecke-delicasa.de\/index.php\/wp-json\/wp\/v2\/users\/1"}],"replies":[{"embeddable":true,"href":"https:\/\/www.hoecke-delicasa.de\/index.php\/wp-json\/wp\/v2\/comments?post=92"}],"version-history":[{"count":4,"href":"https:\/\/www.hoecke-delicasa.de\/index.php\/wp-json\/wp\/v2\/pages\/92\/revisions"}],"predecessor-version":[{"id":125,"href":"https:\/\/www.hoecke-delicasa.de\/index.php\/wp-json\/wp\/v2\/pages\/92\/revisions\/125"}],"wp:attachment":[{"href":"https:\/\/www.hoecke-delicasa.de\/index.php\/wp-json\/wp\/v2\/media?parent=92"}],"curies":[{"name":"wp","href":"https:\/\/api.w.org\/{rel}","templated":true}]}}